{"id":1308,"date":"2023-10-13T11:04:25","date_gmt":"2023-10-13T11:04:25","guid":{"rendered":"http:\/\/www.axilesycortantes.es\/?page_id=1308"},"modified":"2023-10-16T09:39:25","modified_gmt":"2023-10-16T09:39:25","slug":"escaleras-metalicas-diseno","status":"publish","type":"page","link":"http:\/\/www.axilesycortantes.es\/en\/escaleras-metalicas-diseno\/","title":{"rendered":"Escaleras met\u00e1licas de dise\u00f1o"},"content":{"rendered":"<div data-elementor-type=\"wp-page\" data-elementor-id=\"1308\" class=\"elementor elementor-1308\">\n\t\t\t\t\t\t\t<div class=\"elementor-element elementor-element-c55cf3d e-flex e-con-boxed e-con e-parent\" data-id=\"c55cf3d\" data-element_type=\"container\" data-settings=\"{&quot;content_width&quot;:&quot;boxed&quot;}\" data-core-v316-plus=\"true\">\n\t\t\t\t\t<div class=\"e-con-inner\">\n\t\t<div class=\"elementor-element elementor-element-4eb854d e-flex e-con-boxed e-con e-child\" data-id=\"4eb854d\" data-element_type=\"container\" data-settings=\"{&quot;content_width&quot;:&quot;boxed&quot;}\">\n\t\t\t\t\t<div class=\"e-con-inner\">\n\t\t\t\t<div class=\"elementor-element elementor-element-cb40ba8 elementor-invisible elementor-widget elementor-widget-heading\" data-id=\"cb40ba8\" data-element_type=\"widget\" data-settings=\"{&quot;_animation&quot;:&quot;fadeInUp&quot;}\" data-widget_type=\"heading.default\">\n\t\t\t\t<div class=\"elementor-widget-container\">\n\t\t\t<style>\/*! elementor - v3.16.0 - 09-10-2023 *\/\n.elementor-heading-title{padding:0;margin:0;line-height:1}.elementor-widget-heading .elementor-heading-title[class*=elementor-size-]>a{color:inherit;font-size:inherit;line-height:inherit}.elementor-widget-heading .elementor-heading-title.elementor-size-small{font-size:15px}.elementor-widget-heading .elementor-heading-title.elementor-size-medium{font-size:19px}.elementor-widget-heading .elementor-heading-title.elementor-size-large{font-size:29px}.elementor-widget-heading .elementor-heading-title.elementor-size-xl{font-size:39px}.elementor-widget-heading .elementor-heading-title.elementor-size-xxl{font-size:59px}<\/style><h1 class=\"elementor-heading-title elementor-size-small\">ESCALERAS MET\u00c1LICAS<br><\/h1>\t\t<\/div>\n\t\t\t\t<\/div>\n\t\t\t\t\t<\/div>\n\t\t\t\t<\/div>\n\t\t\t\t\t<\/div>\n\t\t\t\t<\/div>\n\t\t<div class=\"elementor-element elementor-element-55a7b41 e-flex e-con-boxed e-con e-parent\" data-id=\"55a7b41\" data-element_type=\"container\" data-settings=\"{&quot;content_width&quot;:&quot;boxed&quot;}\" data-core-v316-plus=\"true\">\n\t\t\t\t\t<div class=\"e-con-inner\">\n\t\t\t\t<div class=\"elementor-element elementor-element-9549a5e elementor-widget elementor-widget-heading\" data-id=\"9549a5e\" data-element_type=\"widget\" data-widget_type=\"heading.default\">\n\t\t\t\t<div class=\"elementor-widget-container\">\n\t\t\t<h2 class=\"elementor-heading-title elementor-size-small\">ESCALERAS MET\u00c1LICAS DE DISE\u00d1O PARA INTERIORES<\/h2>\t\t<\/div>\n\t\t\t\t<\/div>\n\t\t\t\t<div class=\"elementor-element elementor-element-765bbfa elementor-widget elementor-widget-text-editor\" data-id=\"765bbfa\" data-element_type=\"widget\" data-widget_type=\"text-editor.default\">\n\t\t\t\t<div class=\"elementor-widget-container\">\n\t\t\t<style>\/*! elementor - v3.16.0 - 09-10-2023 *\/\n.elementor-widget-text-editor.elementor-drop-cap-view-stacked .elementor-drop-cap{background-color:#69727d;color:#fff}.elementor-widget-text-editor.elementor-drop-cap-view-framed .elementor-drop-cap{color:#69727d;border:3px solid;background-color:transparent}.elementor-widget-text-editor:not(.elementor-drop-cap-view-default) .elementor-drop-cap{margin-top:8px}.elementor-widget-text-editor:not(.elementor-drop-cap-view-default) .elementor-drop-cap-letter{width:1em;height:1em}.elementor-widget-text-editor .elementor-drop-cap{float:left;text-align:center;line-height:1;font-size:50px}.elementor-widget-text-editor .elementor-drop-cap-letter{display:inline-block}<\/style>\t\t\t\t<p>Nuestras escaleras met\u00e1licas de dise\u00f1o son mucho m\u00e1s que elementos funcionales para la conectividad vertical. Son testimonios de nuestra pasi\u00f3n por la ingenier\u00eda y el dise\u00f1o. Cada escalera se forja con precisi\u00f3n t\u00e9cnica y un enfoque art\u00edstico. No solo enlazan niveles, sino que tambi\u00e9n se convierten en piezas de conversaci\u00f3n y belleza en cualquier espacio.<\/p>\t\t\t\t\t\t<\/div>\n\t\t\t\t<\/div>\n\t\t\t\t\t<\/div>\n\t\t\t\t<\/div>\n\t\t<div class=\"elementor-element elementor-element-31481ac e-flex e-con-boxed e-con e-parent\" data-id=\"31481ac\" data-element_type=\"container\" data-settings=\"{&quot;content_width&quot;:&quot;boxed&quot;}\" data-core-v316-plus=\"true\">\n\t\t\t\t\t<div class=\"e-con-inner\">\n\t\t\t\t<div class=\"elementor-element elementor-element-bec7c79 elementor-widget elementor-widget-qi_addons_for_elementor_image_gallery\" data-id=\"bec7c79\" data-element_type=\"widget\" data-widget_type=\"qi_addons_for_elementor_image_gallery.default\">\n\t\t\t\t<div class=\"elementor-widget-container\">\n\t\t\t<div class=\"qodef-shortcode qodef-m  qodef-qi-image-gallery qodef-qi-fslightbox-popup qodef-popup-gallery qodef-image--hover-zoom  qodef-qi-grid qodef-layout--qi-columns  qodef-col-num--2   qodef-responsive--predefined\">\n\t<div class=\"qodef-grid-inner\">\n\t\t<div class=\"qodef-e qodef-image-wrapper qodef-grid-item\">\n\t<div class=\"qodef-e-inner\">\n\t\t\t\t\t<a class=\"qodef-popup-item\" itemprop=\"image\" href=\"http:\/\/www.axilesycortantes.es\/wp-content\/uploads\/2023\/10\/Escalera-de-diseno-vista-frontal.jpg\" data-type=\"image\" data-fslightbox=\"gallery-842\">\n\t\t\t\t\t\t<img loading=\"lazy\" decoding=\"async\" width=\"1080\" height=\"1300\" src=\"http:\/\/www.axilesycortantes.es\/wp-content\/uploads\/2023\/10\/Escalera-de-diseno-vista-frontal-1080x1300.jpg\" class=\"attachment-qi_addons_for_elementor_image_size_huge-square size-qi_addons_for_elementor_image_size_huge-square\" alt=\"Vista 3\/4 de escalera de dise\u00f1o para interiores\" \/>\t\t\t\t\t<\/a>\n\t\t\t<\/div>\n<\/div>\n<div class=\"qodef-e qodef-image-wrapper qodef-grid-item\">\n\t<div class=\"qodef-e-inner\">\n\t\t\t\t\t<a class=\"qodef-popup-item\" itemprop=\"image\" href=\"http:\/\/www.axilesycortantes.es\/wp-content\/uploads\/2023\/10\/Escalera-de-diseno-vista-lateral.jpg\" data-type=\"image\" data-fslightbox=\"gallery-842\">\n\t\t\t\t\t\t<img loading=\"lazy\" decoding=\"async\" width=\"790\" height=\"525\" src=\"http:\/\/www.axilesycortantes.es\/wp-content\/uploads\/2023\/10\/Escalera-de-diseno-vista-lateral.jpg\" class=\"attachment-qi_addons_for_elementor_image_size_huge-square size-qi_addons_for_elementor_image_size_huge-square\" alt=\"Escalera de disen\u0303o vista lateral\" srcset=\"http:\/\/www.axilesycortantes.es\/wp-content\/uploads\/2023\/10\/Escalera-de-diseno-vista-lateral.jpg 790w, http:\/\/www.axilesycortantes.es\/wp-content\/uploads\/2023\/10\/Escalera-de-diseno-vista-lateral-300x199.jpg 300w, http:\/\/www.axilesycortantes.es\/wp-content\/uploads\/2023\/10\/Escalera-de-diseno-vista-lateral-768x510.jpg 768w, http:\/\/www.axilesycortantes.es\/wp-content\/uploads\/2023\/10\/Escalera-de-diseno-vista-lateral-700x465.jpg 700w\" sizes=\"auto, (max-width: 790px) 100vw, 790px\" \/>\t\t\t\t\t<\/a>\n\t\t\t<\/div>\n<\/div>\n\t<\/div>\n<\/div>\n\t\t<\/div>\n\t\t\t\t<\/div>\n\t\t\t\t\t<\/div>\n\t\t\t\t<\/div>\n\t\t<div class=\"elementor-element elementor-element-381f235 e-con-full e-flex e-con e-parent\" data-id=\"381f235\" data-element_type=\"container\" data-settings=\"{&quot;content_width&quot;:&quot;full&quot;}\" data-core-v316-plus=\"true\">\n\t\t\t\t<div class=\"elementor-element elementor-element-c6fd29e elementor-widget elementor-widget-qi_addons_for_elementor_call_to_action\" data-id=\"c6fd29e\" data-element_type=\"widget\" data-widget_type=\"qi_addons_for_elementor_call_to_action.default\">\n\t\t\t\t<div class=\"elementor-widget-container\">\n\t\t\t<div class=\"qodef-shortcode qodef-m  qodef-qi-call-to-action qodef-layout--standard\">\n\t<div class=\"qodef-m-inner\">\n\t\t<div class=\"qodef-m-content\">\n\t\t\t<h5 class=\"qodef-m-title\">\n\t\t\tTell us about your project\t\t<\/h5>\n\t\t<\/div>\n\t\t\t<div class=\"qodef-m-button\">\n\t\t<a class=\"qodef-shortcode qodef-m  qodef-qi-button qodef-html--link qodef-layout--filled qodef-type--standard   qodef-icon--right qodef-hover--icon-move-horizontal-short\" href=\"mailto:axilesycortantes@gmail.com?Subject=Consulta\" target=\"_self\">\t<span class=\"qodef-m-text\">Contact<\/span>\t<\/a>\t<\/div>\n\t\t\t<\/div>\n<\/div>\n\t\t<\/div>\n\t\t\t\t<\/div>\n\t\t\t\t<\/div>\n\t\t\t\t\t\t\t<\/div>","protected":false},"excerpt":{"rendered":"<p>ESCALERAS MET\u00c1LICAS ESCALERAS MET\u00c1LICAS DE DISE\u00d1O PARA INTERIORES Nuestras escaleras met\u00e1licas de dise\u00f1o son mucho m\u00e1s que elementos funcionales para la conectividad vertical. Son testimonios de nuestra pasi\u00f3n por la ingenier\u00eda y el dise\u00f1o. Cada escalera se forja con precisi\u00f3n t\u00e9cnica y un enfoque art\u00edstico&#8230;.<\/p>","protected":false},"author":1,"featured_media":0,"parent":0,"menu_order":0,"comment_status":"closed","ping_status":"closed","template":"full_width.php","meta":{"footnotes":""},"class_list":["post-1308","page","type-page","status-publish","hentry"],"yoast_head":"<!-- This site is optimized with the Yoast SEO plugin v21.3 - https:\/\/yoast.com\/wordpress\/plugins\/seo\/ -->\n<title>Escaleras met\u00e1licas de dise\u00f1o - Axiles y Cortantes<\/title>\n<meta name=\"robots\" content=\"index, follow, max-snippet:-1, max-image-preview:large, max-video-preview:-1\" \/>\n<link rel=\"canonical\" href=\"http:\/\/www.axilesycortantes.es\/en\/escaleras-metalicas-diseno\/\" \/>\n<meta property=\"og:locale\" content=\"en_GB\" \/>\n<meta property=\"og:type\" content=\"article\" \/>\n<meta property=\"og:title\" content=\"Escaleras met\u00e1licas de dise\u00f1o - Axiles y Cortantes\" \/>\n<meta property=\"og:description\" content=\"ESCALERAS MET\u00c1LICAS ESCALERAS MET\u00c1LICAS DE DISE\u00d1O PARA INTERIORES Nuestras escaleras met\u00e1licas de dise\u00f1o son mucho m\u00e1s que elementos funcionales para la conectividad vertical. Son testimonios de nuestra pasi\u00f3n por la ingenier\u00eda y el dise\u00f1o. Cada escalera se forja con precisi\u00f3n t\u00e9cnica y un enfoque art\u00edstico....\" \/>\n<meta property=\"og:url\" content=\"http:\/\/www.axilesycortantes.es\/en\/escaleras-metalicas-diseno\/\" \/>\n<meta property=\"og:site_name\" content=\"Axiles y Cortantes\" \/>\n<meta property=\"article:modified_time\" content=\"2023-10-16T09:39:25+00:00\" \/>\n<meta property=\"og:image\" content=\"http:\/\/www.axilesycortantes.es\/wp-content\/uploads\/2023\/10\/Escalera-de-diseno-vista-frontal-1080x1300.jpg\" \/>\n<meta name=\"twitter:card\" content=\"summary_large_image\" \/>\n<meta name=\"twitter:label1\" content=\"Estimated reading time\" \/>\n\t<meta name=\"twitter:data1\" content=\"1 minute\" \/>\n<script type=\"application\/ld+json\" class=\"yoast-schema-graph\">{\"@context\":\"https:\/\/schema.org\",\"@graph\":[{\"@type\":\"WebPage\",\"@id\":\"http:\/\/www.axilesycortantes.es\/en\/escaleras-metalicas-diseno\/\",\"url\":\"http:\/\/www.axilesycortantes.es\/en\/escaleras-metalicas-diseno\/\",\"name\":\"Escaleras met\u00e1licas de dise\u00f1o - Axiles y Cortantes\",\"isPartOf\":{\"@id\":\"http:\/\/www.axilesycortantes.es\/#website\"},\"datePublished\":\"2023-10-13T11:04:25+00:00\",\"dateModified\":\"2023-10-16T09:39:25+00:00\",\"breadcrumb\":{\"@id\":\"http:\/\/www.axilesycortantes.es\/en\/escaleras-metalicas-diseno\/#breadcrumb\"},\"inLanguage\":\"en-GB\",\"potentialAction\":[{\"@type\":\"ReadAction\",\"target\":[\"http:\/\/www.axilesycortantes.es\/en\/escaleras-metalicas-diseno\/\"]}]},{\"@type\":\"BreadcrumbList\",\"@id\":\"http:\/\/www.axilesycortantes.es\/en\/escaleras-metalicas-diseno\/#breadcrumb\",\"itemListElement\":[{\"@type\":\"ListItem\",\"position\":1,\"name\":\"Portada\",\"item\":\"http:\/\/www.axilesycortantes.es\/\"},{\"@type\":\"ListItem\",\"position\":2,\"name\":\"Escaleras met\u00e1licas de dise\u00f1o\"}]},{\"@type\":\"WebSite\",\"@id\":\"http:\/\/www.axilesycortantes.es\/#website\",\"url\":\"http:\/\/www.axilesycortantes.es\/\",\"name\":\"Axiles y Cortantes\",\"description\":\"\",\"potentialAction\":[{\"@type\":\"SearchAction\",\"target\":{\"@type\":\"EntryPoint\",\"urlTemplate\":\"http:\/\/www.axilesycortantes.es\/?s={search_term_string}\"},\"query-input\":\"required name=search_term_string\"}],\"inLanguage\":\"en-GB\"}]}<\/script>\n<!-- \/ Yoast SEO plugin. -->","yoast_head_json":{"title":"Escaleras met\u00e1licas de dise\u00f1o - Axiles y Cortantes","robots":{"index":"index","follow":"follow","max-snippet":"max-snippet:-1","max-image-preview":"max-image-preview:large","max-video-preview":"max-video-preview:-1"},"canonical":"http:\/\/www.axilesycortantes.es\/en\/escaleras-metalicas-diseno\/","og_locale":"en_GB","og_type":"article","og_title":"Escaleras met\u00e1licas de dise\u00f1o - Axiles y Cortantes","og_description":"ESCALERAS MET\u00c1LICAS ESCALERAS MET\u00c1LICAS DE DISE\u00d1O PARA INTERIORES Nuestras escaleras met\u00e1licas de dise\u00f1o son mucho m\u00e1s que elementos funcionales para la conectividad vertical. Son testimonios de nuestra pasi\u00f3n por la ingenier\u00eda y el dise\u00f1o. Cada escalera se forja con precisi\u00f3n t\u00e9cnica y un enfoque art\u00edstico....","og_url":"http:\/\/www.axilesycortantes.es\/en\/escaleras-metalicas-diseno\/","og_site_name":"Axiles y Cortantes","article_modified_time":"2023-10-16T09:39:25+00:00","og_image":[{"url":"http:\/\/www.axilesycortantes.es\/wp-content\/uploads\/2023\/10\/Escalera-de-diseno-vista-frontal-1080x1300.jpg"}],"twitter_card":"summary_large_image","twitter_misc":{"Estimated reading time":"1 minute"},"schema":{"@context":"https:\/\/schema.org","@graph":[{"@type":"WebPage","@id":"http:\/\/www.axilesycortantes.es\/en\/escaleras-metalicas-diseno\/","url":"http:\/\/www.axilesycortantes.es\/en\/escaleras-metalicas-diseno\/","name":"Escaleras met\u00e1licas de dise\u00f1o - Axiles y Cortantes","isPartOf":{"@id":"http:\/\/www.axilesycortantes.es\/#website"},"datePublished":"2023-10-13T11:04:25+00:00","dateModified":"2023-10-16T09:39:25+00:00","breadcrumb":{"@id":"http:\/\/www.axilesycortantes.es\/en\/escaleras-metalicas-diseno\/#breadcrumb"},"inLanguage":"en-GB","potentialAction":[{"@type":"ReadAction","target":["http:\/\/www.axilesycortantes.es\/en\/escaleras-metalicas-diseno\/"]}]},{"@type":"BreadcrumbList","@id":"http:\/\/www.axilesycortantes.es\/en\/escaleras-metalicas-diseno\/#breadcrumb","itemListElement":[{"@type":"ListItem","position":1,"name":"Portada","item":"http:\/\/www.axilesycortantes.es\/"},{"@type":"ListItem","position":2,"name":"Escaleras met\u00e1licas de dise\u00f1o"}]},{"@type":"WebSite","@id":"http:\/\/www.axilesycortantes.es\/#website","url":"http:\/\/www.axilesycortantes.es\/","name":"Axiles y Cortantes","description":"","potentialAction":[{"@type":"SearchAction","target":{"@type":"EntryPoint","urlTemplate":"http:\/\/www.axilesycortantes.es\/?s={search_term_string}"},"query-input":"required name=search_term_string"}],"inLanguage":"en-GB"}]}},"_links":{"self":[{"href":"http:\/\/www.axilesycortantes.es\/en\/wp-json\/wp\/v2\/pages\/1308","targetHints":{"allow":["GET"]}}],"collection":[{"href":"http:\/\/www.axilesycortantes.es\/en\/wp-json\/wp\/v2\/pages"}],"about":[{"href":"http:\/\/www.axilesycortantes.es\/en\/wp-json\/wp\/v2\/types\/page"}],"author":[{"embeddable":true,"href":"http:\/\/www.axilesycortantes.es\/en\/wp-json\/wp\/v2\/users\/1"}],"replies":[{"embeddable":true,"href":"http:\/\/www.axilesycortantes.es\/en\/wp-json\/wp\/v2\/comments?post=1308"}],"version-history":[{"count":17,"href":"http:\/\/www.axilesycortantes.es\/en\/wp-json\/wp\/v2\/pages\/1308\/revisions"}],"predecessor-version":[{"id":1514,"href":"http:\/\/www.axilesycortantes.es\/en\/wp-json\/wp\/v2\/pages\/1308\/revisions\/1514"}],"wp:attachment":[{"href":"http:\/\/www.axilesycortantes.es\/en\/wp-json\/wp\/v2\/media?parent=1308"}],"curies":[{"name":"wp","href":"https:\/\/api.w.org\/{rel}","templated":true}]}}