{"id":1563,"date":"2023-10-16T13:14:30","date_gmt":"2023-10-16T13:14:30","guid":{"rendered":"http:\/\/www.axilesycortantes.es\/?page_id=1563"},"modified":"2023-10-16T13:15:50","modified_gmt":"2023-10-16T13:15:50","slug":"aviso-legal","status":"publish","type":"page","link":"http:\/\/www.axilesycortantes.es\/en\/aviso-legal\/","title":{"rendered":"Legal warning"},"content":{"rendered":"<div data-elementor-type=\"wp-page\" data-elementor-id=\"1563\" class=\"elementor elementor-1563\">\n\t\t\t\t\t\t\t<div class=\"elementor-element elementor-element-f968a96 e-flex e-con-boxed e-con e-parent\" data-id=\"f968a96\" data-element_type=\"container\" data-settings=\"{&quot;content_width&quot;:&quot;boxed&quot;}\" data-core-v316-plus=\"true\">\n\t\t\t\t\t<div class=\"e-con-inner\">\n\t\t\t\t<div class=\"elementor-element elementor-element-3c44c75 elementor-widget elementor-widget-heading\" data-id=\"3c44c75\" data-element_type=\"widget\" data-widget_type=\"heading.default\">\n\t\t\t\t<div class=\"elementor-widget-container\">\n\t\t\t<style>\/*! elementor - v3.16.0 - 09-10-2023 *\/\n.elementor-heading-title{padding:0;margin:0;line-height:1}.elementor-widget-heading .elementor-heading-title[class*=elementor-size-]>a{color:inherit;font-size:inherit;line-height:inherit}.elementor-widget-heading .elementor-heading-title.elementor-size-small{font-size:15px}.elementor-widget-heading .elementor-heading-title.elementor-size-medium{font-size:19px}.elementor-widget-heading .elementor-heading-title.elementor-size-large{font-size:29px}.elementor-widget-heading .elementor-heading-title.elementor-size-xl{font-size:39px}.elementor-widget-heading .elementor-heading-title.elementor-size-xxl{font-size:59px}<\/style><h1 class=\"elementor-heading-title elementor-size-default\">aviso legal<\/h1>\t\t<\/div>\n\t\t\t\t<\/div>\n\t\t\t\t\t<\/div>\n\t\t\t\t<\/div>\n\t\t<div class=\"elementor-element elementor-element-f79655a e-flex e-con-boxed e-con e-parent\" data-id=\"f79655a\" data-element_type=\"container\" data-settings=\"{&quot;content_width&quot;:&quot;boxed&quot;}\" data-core-v316-plus=\"true\">\n\t\t\t\t\t<div class=\"e-con-inner\">\n\t\t\t\t<div class=\"elementor-element elementor-element-33365b2 elementor-widget elementor-widget-text-editor\" data-id=\"33365b2\" data-element_type=\"widget\" data-widget_type=\"text-editor.default\">\n\t\t\t\t<div class=\"elementor-widget-container\">\n\t\t\t<style>\/*! elementor - v3.16.0 - 09-10-2023 *\/\n.elementor-widget-text-editor.elementor-drop-cap-view-stacked .elementor-drop-cap{background-color:#69727d;color:#fff}.elementor-widget-text-editor.elementor-drop-cap-view-framed .elementor-drop-cap{color:#69727d;border:3px solid;background-color:transparent}.elementor-widget-text-editor:not(.elementor-drop-cap-view-default) .elementor-drop-cap{margin-top:8px}.elementor-widget-text-editor:not(.elementor-drop-cap-view-default) .elementor-drop-cap-letter{width:1em;height:1em}.elementor-widget-text-editor .elementor-drop-cap{float:left;text-align:center;line-height:1;font-size:50px}.elementor-widget-text-editor .elementor-drop-cap-letter{display:inline-block}<\/style>\t\t\t\t<p class=\"p1\"><span class=\"s1\"><b>1. Informaci\u00f3n General<\/b><\/span><\/p><p class=\"p1\"><span class=\"s1\">El presente Aviso Legal regula el uso y acceso al sitio web www.axilesycortantes.es (en adelante, www.axilesycortantes.es ), propiedad de AXILES Y CORTANTES SOCIEDAD LIMITADA\u00a0 (en adelante, Axiles y Cortantes SL), con n\u00famero de identificaci\u00f3n fiscal B99430340 y domicilio social en CALLE GRECIA (POL EL CAMPILLO), ZUERA Zaragoza<\/span><\/p><p class=\"p1\"><span class=\"s1\">\u00a0<\/span><\/p><p class=\"p1\"><span class=\"s1\"><b>2. Uso y Acceso<\/b><\/span><\/p><p class=\"p1\"><span class=\"s1\">El acceso y uso del Sitio Web atribuye la condici\u00f3n de usuario y conlleva la aceptaci\u00f3n plena y sin reservas de este Aviso Legal. El usuario se compromete a utilizar el Sitio Web de conformidad con la ley, este Aviso Legal y las condiciones y avisos espec\u00edficos que puedan ser de su conocimiento.<\/span><\/p><p class=\"p1\"><span class=\"s1\">\u00a0<\/span><\/p><p class=\"p1\"><span class=\"s1\"><b>3. Propiedad Intelectual e Industrial<\/b><\/span><\/p><p class=\"p1\"><span class=\"s1\">Todos los contenidos del Sitio Web, incluyendo, a t\u00edtulo enunciativo y no limitativo, textos, gr\u00e1ficos, logotipos, iconos, im\u00e1genes, software, y cualesquiera otros elementos audiovisuales o sonoros, as\u00ed como su dise\u00f1o gr\u00e1fico y c\u00f3digos fuente, est\u00e1n protegidos por derechos de propiedad intelectual e industrial de los que la Empresa es titular o licenciatario, y quedan sujetos a los derechos de autor y propiedad intelectual seg\u00fan las leyes europeas y nacionales vigentes.<\/span><\/p><p class=\"p1\"><span class=\"s1\">\u00a0<\/span><\/p><p class=\"p1\"><span class=\"s1\"><b>4. Protecci\u00f3n de Datos Personales<\/b><\/span><\/p><p class=\"p1\"><span class=\"s1\">El tratamiento de los datos personales del usuario se rige por nuestra Pol\u00edtica de Privacidad, la cual cumple con el Reglamento General de Protecci\u00f3n de Datos (RGPD) de Europa. Te recomendamos que leas detenidamente dicha pol\u00edtica para conocer c\u00f3mo recopilamos, utilizamos, compartimos y protegemos tus datos personales.<\/span><\/p><p class=\"p1\"><span class=\"s1\">\u00a0<\/span><\/p><p class=\"p1\"><span class=\"s1\"><b>5. Enlaces a Terceros<\/b><\/span><\/p><p class=\"p1\"><span class=\"s1\">El Sitio Web puede contener enlaces o hiperv\u00ednculos a sitios web de terceros que no son propiedad ni est\u00e1n controlados por la Empresa. La inclusi\u00f3n de estos enlaces no implica la aprobaci\u00f3n o respaldo de sus contenidos por parte de la Empresa, quien no asume responsabilidad alguna por dichos sitios web de terceros.<\/span><\/p><p class=\"p1\"><span class=\"s1\">\u00a0<\/span><\/p><p class=\"p1\"><span class=\"s1\"><b>6. Responsabilidad<\/b><\/span><\/p><p class=\"p1\"><span class=\"s1\">La Empresa se esfuerza por garantizar la calidad y exactitud de la informaci\u00f3n proporcionada en el Sitio Web, pero no se responsabiliza de los posibles errores tipogr\u00e1ficos o inexactitudes que pueda contener. El uso del Sitio Web es responsabilidad exclusiva del usuario.<\/span><\/p><p class=\"p1\"><span class=\"s1\">\u00a0<\/span><\/p><p class=\"p1\"><span class=\"s1\"><b>7. Modificaciones<\/b><\/span><\/p><p class=\"p1\"><span class=\"s1\">La Empresa se reserva el derecho de modificar, actualizar o eliminar cualquier contenido, servicio, funcionalidad o aspecto del Sitio Web, as\u00ed como el presente Aviso Legal, en cualquier momento y sin previo aviso.<\/span><\/p><p class=\"p1\"><span class=\"s1\">\u00a0<\/span><\/p><p class=\"p1\"><span class=\"s1\"><b>8. Jurisdicci\u00f3n y Ley Aplicable<\/b><\/span><\/p><p class=\"p1\"><span class=\"s1\">Cualquier controversia o reclamaci\u00f3n derivada del uso del Sitio Web o relacionada con \u00e9l se regir\u00e1 por la legislaci\u00f3n espa\u00f1ola, y las partes se someten a la jurisdicci\u00f3n de los tribunales de [Ciudad], renunciando expresamente a cualquier otro fuero que pudiera corresponderles.<\/span><\/p><p class=\"p1\"><span class=\"s1\">Fecha de \u00faltima actualizaci\u00f3n: 16\/10\/2023<\/span><\/p>\t\t\t\t\t\t<\/div>\n\t\t\t\t<\/div>\n\t\t\t\t\t<\/div>\n\t\t\t\t<\/div>\n\t\t\t\t\t\t\t<\/div>","protected":false},"excerpt":{"rendered":"<p>aviso legal 1. Informaci\u00f3n General El presente Aviso Legal regula el uso y acceso al sitio web www.axilesycortantes.es (en adelante, www.axilesycortantes.es ), propiedad de AXILES Y CORTANTES SOCIEDAD LIMITADA\u00a0 (en adelante, Axiles y Cortantes SL), con n\u00famero de identificaci\u00f3n fiscal B99430340 y domicilio social en&#8230;<\/p>","protected":false},"author":1,"featured_media":0,"parent":0,"menu_order":0,"comment_status":"closed","ping_status":"closed","template":"","meta":{"footnotes":""},"class_list":["post-1563","page","type-page","status-publish","hentry"],"yoast_head":"<!-- This site is optimized with the Yoast SEO plugin v21.3 - https:\/\/yoast.com\/wordpress\/plugins\/seo\/ -->\n<title>Aviso legal - Axiles y Cortantes<\/title>\n<meta name=\"robots\" content=\"index, follow, max-snippet:-1, max-image-preview:large, max-video-preview:-1\" \/>\n<link rel=\"canonical\" href=\"http:\/\/www.axilesycortantes.es\/en\/aviso-legal\/\" \/>\n<meta property=\"og:locale\" content=\"en_GB\" \/>\n<meta property=\"og:type\" content=\"article\" \/>\n<meta property=\"og:title\" content=\"Aviso legal - Axiles y Cortantes\" \/>\n<meta property=\"og:description\" content=\"aviso legal 1. Informaci\u00f3n General El presente Aviso Legal regula el uso y acceso al sitio web www.axilesycortantes.es (en adelante, www.axilesycortantes.es ), propiedad de AXILES Y CORTANTES SOCIEDAD LIMITADA\u00a0 (en adelante, Axiles y Cortantes SL), con n\u00famero de identificaci\u00f3n fiscal B99430340 y domicilio social en...\" \/>\n<meta property=\"og:url\" content=\"http:\/\/www.axilesycortantes.es\/en\/aviso-legal\/\" \/>\n<meta property=\"og:site_name\" content=\"Axiles y Cortantes\" \/>\n<meta property=\"article:modified_time\" content=\"2023-10-16T13:15:50+00:00\" \/>\n<meta name=\"twitter:card\" content=\"summary_large_image\" \/>\n<meta name=\"twitter:label1\" content=\"Estimated reading time\" \/>\n\t<meta name=\"twitter:data1\" content=\"2 minutes\" \/>\n<script type=\"application\/ld+json\" class=\"yoast-schema-graph\">{\"@context\":\"https:\/\/schema.org\",\"@graph\":[{\"@type\":\"WebPage\",\"@id\":\"http:\/\/www.axilesycortantes.es\/en\/aviso-legal\/\",\"url\":\"http:\/\/www.axilesycortantes.es\/en\/aviso-legal\/\",\"name\":\"Aviso legal - Axiles y Cortantes\",\"isPartOf\":{\"@id\":\"http:\/\/www.axilesycortantes.es\/#website\"},\"datePublished\":\"2023-10-16T13:14:30+00:00\",\"dateModified\":\"2023-10-16T13:15:50+00:00\",\"breadcrumb\":{\"@id\":\"http:\/\/www.axilesycortantes.es\/en\/aviso-legal\/#breadcrumb\"},\"inLanguage\":\"en-GB\",\"potentialAction\":[{\"@type\":\"ReadAction\",\"target\":[\"http:\/\/www.axilesycortantes.es\/en\/aviso-legal\/\"]}]},{\"@type\":\"BreadcrumbList\",\"@id\":\"http:\/\/www.axilesycortantes.es\/en\/aviso-legal\/#breadcrumb\",\"itemListElement\":[{\"@type\":\"ListItem\",\"position\":1,\"name\":\"Portada\",\"item\":\"http:\/\/www.axilesycortantes.es\/\"},{\"@type\":\"ListItem\",\"position\":2,\"name\":\"Aviso legal\"}]},{\"@type\":\"WebSite\",\"@id\":\"http:\/\/www.axilesycortantes.es\/#website\",\"url\":\"http:\/\/www.axilesycortantes.es\/\",\"name\":\"Axiles y Cortantes\",\"description\":\"\",\"potentialAction\":[{\"@type\":\"SearchAction\",\"target\":{\"@type\":\"EntryPoint\",\"urlTemplate\":\"http:\/\/www.axilesycortantes.es\/?s={search_term_string}\"},\"query-input\":\"required name=search_term_string\"}],\"inLanguage\":\"en-GB\"}]}<\/script>\n<!-- \/ Yoast SEO plugin. -->","yoast_head_json":{"title":"Aviso legal - Axiles y Cortantes","robots":{"index":"index","follow":"follow","max-snippet":"max-snippet:-1","max-image-preview":"max-image-preview:large","max-video-preview":"max-video-preview:-1"},"canonical":"http:\/\/www.axilesycortantes.es\/en\/aviso-legal\/","og_locale":"en_GB","og_type":"article","og_title":"Aviso legal - Axiles y Cortantes","og_description":"aviso legal 1. Informaci\u00f3n General El presente Aviso Legal regula el uso y acceso al sitio web www.axilesycortantes.es (en adelante, www.axilesycortantes.es ), propiedad de AXILES Y CORTANTES SOCIEDAD LIMITADA\u00a0 (en adelante, Axiles y Cortantes SL), con n\u00famero de identificaci\u00f3n fiscal B99430340 y domicilio social en...","og_url":"http:\/\/www.axilesycortantes.es\/en\/aviso-legal\/","og_site_name":"Axiles y Cortantes","article_modified_time":"2023-10-16T13:15:50+00:00","twitter_card":"summary_large_image","twitter_misc":{"Estimated reading time":"2 minutes"},"schema":{"@context":"https:\/\/schema.org","@graph":[{"@type":"WebPage","@id":"http:\/\/www.axilesycortantes.es\/en\/aviso-legal\/","url":"http:\/\/www.axilesycortantes.es\/en\/aviso-legal\/","name":"Aviso legal - Axiles y Cortantes","isPartOf":{"@id":"http:\/\/www.axilesycortantes.es\/#website"},"datePublished":"2023-10-16T13:14:30+00:00","dateModified":"2023-10-16T13:15:50+00:00","breadcrumb":{"@id":"http:\/\/www.axilesycortantes.es\/en\/aviso-legal\/#breadcrumb"},"inLanguage":"en-GB","potentialAction":[{"@type":"ReadAction","target":["http:\/\/www.axilesycortantes.es\/en\/aviso-legal\/"]}]},{"@type":"BreadcrumbList","@id":"http:\/\/www.axilesycortantes.es\/en\/aviso-legal\/#breadcrumb","itemListElement":[{"@type":"ListItem","position":1,"name":"Portada","item":"http:\/\/www.axilesycortantes.es\/"},{"@type":"ListItem","position":2,"name":"Aviso legal"}]},{"@type":"WebSite","@id":"http:\/\/www.axilesycortantes.es\/#website","url":"http:\/\/www.axilesycortantes.es\/","name":"Axiles y Cortantes","description":"","potentialAction":[{"@type":"SearchAction","target":{"@type":"EntryPoint","urlTemplate":"http:\/\/www.axilesycortantes.es\/?s={search_term_string}"},"query-input":"required name=search_term_string"}],"inLanguage":"en-GB"}]}},"_links":{"self":[{"href":"http:\/\/www.axilesycortantes.es\/en\/wp-json\/wp\/v2\/pages\/1563","targetHints":{"allow":["GET"]}}],"collection":[{"href":"http:\/\/www.axilesycortantes.es\/en\/wp-json\/wp\/v2\/pages"}],"about":[{"href":"http:\/\/www.axilesycortantes.es\/en\/wp-json\/wp\/v2\/types\/page"}],"author":[{"embeddable":true,"href":"http:\/\/www.axilesycortantes.es\/en\/wp-json\/wp\/v2\/users\/1"}],"replies":[{"embeddable":true,"href":"http:\/\/www.axilesycortantes.es\/en\/wp-json\/wp\/v2\/comments?post=1563"}],"version-history":[{"count":5,"href":"http:\/\/www.axilesycortantes.es\/en\/wp-json\/wp\/v2\/pages\/1563\/revisions"}],"predecessor-version":[{"id":1571,"href":"http:\/\/www.axilesycortantes.es\/en\/wp-json\/wp\/v2\/pages\/1563\/revisions\/1571"}],"wp:attachment":[{"href":"http:\/\/www.axilesycortantes.es\/en\/wp-json\/wp\/v2\/media?parent=1563"}],"curies":[{"name":"wp","href":"https:\/\/api.w.org\/{rel}","templated":true}]}}