{"id":1572,"date":"2023-10-16T13:17:43","date_gmt":"2023-10-16T13:17:43","guid":{"rendered":"http:\/\/www.axilesycortantes.es\/?page_id=1572"},"modified":"2023-10-16T13:20:59","modified_gmt":"2023-10-16T13:20:59","slug":"politica-privacidad","status":"publish","type":"page","link":"http:\/\/www.axilesycortantes.es\/en\/politica-privacidad\/","title":{"rendered":"Privacy Policy"},"content":{"rendered":"<div data-elementor-type=\"wp-page\" data-elementor-id=\"1572\" class=\"elementor elementor-1572\">\n\t\t\t\t\t\t\t<div class=\"elementor-element elementor-element-f968a96 e-flex e-con-boxed e-con e-parent\" data-id=\"f968a96\" data-element_type=\"container\" data-settings=\"{&quot;content_width&quot;:&quot;boxed&quot;}\" data-core-v316-plus=\"true\">\n\t\t\t\t\t<div class=\"e-con-inner\">\n\t\t\t\t<div class=\"elementor-element elementor-element-3c44c75 elementor-widget elementor-widget-heading\" data-id=\"3c44c75\" data-element_type=\"widget\" data-widget_type=\"heading.default\">\n\t\t\t\t<div class=\"elementor-widget-container\">\n\t\t\t<style>\/*! elementor - v3.16.0 - 09-10-2023 *\/\n.elementor-heading-title{padding:0;margin:0;line-height:1}.elementor-widget-heading .elementor-heading-title[class*=elementor-size-]>a{color:inherit;font-size:inherit;line-height:inherit}.elementor-widget-heading .elementor-heading-title.elementor-size-small{font-size:15px}.elementor-widget-heading .elementor-heading-title.elementor-size-medium{font-size:19px}.elementor-widget-heading .elementor-heading-title.elementor-size-large{font-size:29px}.elementor-widget-heading .elementor-heading-title.elementor-size-xl{font-size:39px}.elementor-widget-heading .elementor-heading-title.elementor-size-xxl{font-size:59px}<\/style><h1 class=\"elementor-heading-title elementor-size-default\">pol\u00edtica de privacidad<\/h1>\t\t<\/div>\n\t\t\t\t<\/div>\n\t\t\t\t\t<\/div>\n\t\t\t\t<\/div>\n\t\t<div class=\"elementor-element elementor-element-f79655a e-flex e-con-boxed e-con e-parent\" data-id=\"f79655a\" data-element_type=\"container\" data-settings=\"{&quot;content_width&quot;:&quot;boxed&quot;}\" data-core-v316-plus=\"true\">\n\t\t\t\t\t<div class=\"e-con-inner\">\n\t\t\t\t<div class=\"elementor-element elementor-element-33365b2 elementor-widget elementor-widget-text-editor\" data-id=\"33365b2\" data-element_type=\"widget\" data-widget_type=\"text-editor.default\">\n\t\t\t\t<div class=\"elementor-widget-container\">\n\t\t\t<style>\/*! elementor - v3.16.0 - 09-10-2023 *\/\n.elementor-widget-text-editor.elementor-drop-cap-view-stacked .elementor-drop-cap{background-color:#69727d;color:#fff}.elementor-widget-text-editor.elementor-drop-cap-view-framed .elementor-drop-cap{color:#69727d;border:3px solid;background-color:transparent}.elementor-widget-text-editor:not(.elementor-drop-cap-view-default) .elementor-drop-cap{margin-top:8px}.elementor-widget-text-editor:not(.elementor-drop-cap-view-default) .elementor-drop-cap-letter{width:1em;height:1em}.elementor-widget-text-editor .elementor-drop-cap{float:left;text-align:center;line-height:1;font-size:50px}.elementor-widget-text-editor .elementor-drop-cap-letter{display:inline-block}<\/style>\t\t\t\t<p class=\"p1\"><span class=\"s1\"><b>1. Introducci\u00f3n<\/b><\/span><\/p><p class=\"p1\"><span class=\"s1\">Gracias por visitar nuestro sitio web. En Axiles y cortantes, nos tomamos en serio la protecci\u00f3n y privacidad de tus datos personales. Esta Pol\u00edtica de Privacidad explica c\u00f3mo recopilamos, utilizamos, compartimos y protegemos tus datos cuando utilizas nuestro sitio web.<\/span><\/p><p class=\"p1\"><span class=\"s1\">Al acceder y utilizar nuestro sitio web, est\u00e1s aceptando las pr\u00e1cticas descritas en esta Pol\u00edtica de Privacidad. Si no est\u00e1s de acuerdo con alguna de las disposiciones aqu\u00ed presentadas, te recomendamos que no utilices nuestro sitio web.<\/span><\/p><p class=\"p1\"><span class=\"s1\">\u00a0<\/span><\/p><p class=\"p1\"><span class=\"s1\"><b>2. Informaci\u00f3n que Recopilamos<\/b><\/span><\/p><p class=\"p1\"><span class=\"s1\">Cuando visitas nuestro sitio web, podemos recopilar cierta informaci\u00f3n sobre ti, como:<\/span><\/p><ul class=\"ul1\"><li class=\"li2\"><span class=\"s3\">Informaci\u00f3n de contacto: nombre, direcci\u00f3n de correo electr\u00f3nico, n\u00famero de tel\u00e9fono, etc.<\/span><\/li><li class=\"li2\"><span class=\"s3\">Informaci\u00f3n demogr\u00e1fica: edad, g\u00e9nero, ubicaci\u00f3n, etc.<\/span><\/li><li class=\"li2\"><span class=\"s3\">Informaci\u00f3n de navegaci\u00f3n: direcci\u00f3n IP, tipo de dispositivo, navegador web, etc.<\/span><\/li><li class=\"li2\"><span class=\"s3\">Informaci\u00f3n sobre tus interacciones con nuestro sitio web: p\u00e1ginas visitadas, clics, tiempo de visita, etc.<\/span><\/li><li class=\"li2\"><span class=\"s3\">Cualquier otra informaci\u00f3n que decidas proporcionarnos de forma voluntaria.<br \/><br \/><\/span><\/li><\/ul><p class=\"p1\"><span class=\"s1\"><b>3. Uso de la Informaci\u00f3n.<\/b><\/span><\/p><p class=\"p1\"><span class=\"s1\">Utilizamos la informaci\u00f3n recopilada para:<\/span><\/p><ul class=\"ul1\"><li class=\"li2\"><span class=\"s3\">Proporcionar y mejorar nuestros productos y servicios.<\/span><\/li><li class=\"li2\"><span class=\"s3\">Responder a tus consultas y brindarte asistencia.<\/span><\/li><li class=\"li2\"><span class=\"s3\">Personalizar tu experiencia en nuestro sitio web.<\/span><\/li><li class=\"li2\"><span class=\"s3\">Enviar comunicaciones de marketing y promociones, siempre que hayas dado tu consentimiento.<\/span><\/li><li class=\"li2\"><span class=\"s3\">Realizar an\u00e1lisis y estudios para mejorar nuestro sitio web y entender mejor a nuestros usuarios.<\/span><\/li><li class=\"li2\"><span class=\"s3\">Cumplir con nuestras obligaciones legales y reglamentarias.<br \/><br \/><\/span><\/li><\/ul><p class=\"p1\"><span class=\"s1\"><b>4. Compartir de la Informaci\u00f3n<\/b><\/span><\/p><p class=\"p1\"><span class=\"s1\">No vendemos, alquilamos ni compartimos tu informaci\u00f3n personal con terceros no afiliados, excepto en los siguientes casos:<\/span><\/p><ul class=\"ul1\"><li class=\"li2\"><span class=\"s3\">Cuando sea necesario para prestar servicios o cumplir con tus solicitudes.<\/span><\/li><li class=\"li2\"><span class=\"s3\">Con proveedores de servicios de confianza que nos asisten en la operaci\u00f3n de nuestro sitio web y servicios (por ejemplo, proveedores de alojamiento web o an\u00e1lisis).<\/span><\/li><li class=\"li2\"><span class=\"s3\">Para cumplir con obligaciones legales y proteger nuestros derechos o seguridad, o los derechos y seguridad de otros.<br \/><br \/><\/span><\/li><\/ul><p class=\"p1\"><span class=\"s1\"><b>5. Cookies y Tecnolog\u00edas Similares<\/b><\/span><\/p><p class=\"p1\"><span class=\"s1\">Utilizamos cookies y tecnolog\u00edas similares para recopilar informaci\u00f3n sobre el uso de nuestro sitio web y mejorar tu experiencia de navegaci\u00f3n. Puedes configurar tus preferencias de cookies en cualquier momento a trav\u00e9s de la configuraci\u00f3n de tu navegador.<br \/><br \/><\/span><\/p><p class=\"p1\"><span class=\"s1\"><b>6. Tus Derechos<\/b><\/span><\/p><p class=\"p1\"><span class=\"s1\">Tienes ciertos derechos con respecto a tus datos personales, incluyendo el acceso, rectificaci\u00f3n, eliminaci\u00f3n y restricci\u00f3n de su procesamiento. Si deseas ejercer alguno de estos derechos o tienes preguntas sobre nuestra Pol\u00edtica de Privacidad, cont\u00e1ctanos a trav\u00e9s de axilesycortantes@gmail.com<br \/><br \/><\/span><\/p><p class=\"p1\"><span class=\"s1\"><b>7. Seguridad de los Datos<\/b><\/span><\/p><p class=\"p1\"><span class=\"s1\">Mantenemos medidas de seguridad apropiadas para proteger tus datos personales contra el acceso no autorizado, p\u00e9rdida, uso indebido o divulgaci\u00f3n.<br \/><br \/><\/span><\/p><p class=\"p1\"><span class=\"s1\"><b>8. Cambios a esta Pol\u00edtica<\/b><\/span><\/p><p class=\"p1\"><span class=\"s1\">Nos reservamos el derecho de modificar esta Pol\u00edtica de Privacidad en cualquier momento. Cualquier cambio ser\u00e1 publicado en esta p\u00e1gina y entrar\u00e1 en vigencia inmediatamente despu\u00e9s de la actualizaci\u00f3n.<\/span><\/p><p class=\"p1\"><span class=\"s1\">Fecha de \u00faltima actualizaci\u00f3n: 16 de octubre de 2023.<\/span><\/p>\t\t\t\t\t\t<\/div>\n\t\t\t\t<\/div>\n\t\t\t\t\t<\/div>\n\t\t\t\t<\/div>\n\t\t\t\t\t\t\t<\/div>","protected":false},"excerpt":{"rendered":"<p>pol\u00edtica de privacidad 1. Introducci\u00f3n Gracias por visitar nuestro sitio web. En Axiles y cortantes, nos tomamos en serio la protecci\u00f3n y privacidad de tus datos personales. Esta Pol\u00edtica de Privacidad explica c\u00f3mo recopilamos, utilizamos, compartimos y protegemos tus datos cuando utilizas nuestro sitio web&#8230;.<\/p>","protected":false},"author":1,"featured_media":0,"parent":0,"menu_order":0,"comment_status":"closed","ping_status":"closed","template":"","meta":{"footnotes":""},"class_list":["post-1572","page","type-page","status-publish","hentry"],"yoast_head":"<!-- This site is optimized with the Yoast SEO plugin v21.3 - https:\/\/yoast.com\/wordpress\/plugins\/seo\/ -->\n<title>Pol\u00edtica de privacidad - Axiles y Cortantes<\/title>\n<meta name=\"robots\" content=\"index, follow, max-snippet:-1, max-image-preview:large, max-video-preview:-1\" \/>\n<link rel=\"canonical\" href=\"http:\/\/www.axilesycortantes.es\/en\/politica-privacidad\/\" \/>\n<meta property=\"og:locale\" content=\"en_GB\" \/>\n<meta property=\"og:type\" content=\"article\" \/>\n<meta property=\"og:title\" content=\"Pol\u00edtica de privacidad - Axiles y Cortantes\" \/>\n<meta property=\"og:description\" content=\"pol\u00edtica de privacidad 1. Introducci\u00f3n Gracias por visitar nuestro sitio web. En Axiles y cortantes, nos tomamos en serio la protecci\u00f3n y privacidad de tus datos personales. Esta Pol\u00edtica de Privacidad explica c\u00f3mo recopilamos, utilizamos, compartimos y protegemos tus datos cuando utilizas nuestro sitio web....\" \/>\n<meta property=\"og:url\" content=\"http:\/\/www.axilesycortantes.es\/en\/politica-privacidad\/\" \/>\n<meta property=\"og:site_name\" content=\"Axiles y Cortantes\" \/>\n<meta property=\"article:modified_time\" content=\"2023-10-16T13:20:59+00:00\" \/>\n<meta name=\"twitter:card\" content=\"summary_large_image\" \/>\n<meta name=\"twitter:label1\" content=\"Estimated reading time\" \/>\n\t<meta name=\"twitter:data1\" content=\"3 minutes\" \/>\n<script type=\"application\/ld+json\" class=\"yoast-schema-graph\">{\"@context\":\"https:\/\/schema.org\",\"@graph\":[{\"@type\":\"WebPage\",\"@id\":\"http:\/\/www.axilesycortantes.es\/en\/politica-privacidad\/\",\"url\":\"http:\/\/www.axilesycortantes.es\/en\/politica-privacidad\/\",\"name\":\"Pol\u00edtica de privacidad - Axiles y Cortantes\",\"isPartOf\":{\"@id\":\"http:\/\/www.axilesycortantes.es\/#website\"},\"datePublished\":\"2023-10-16T13:17:43+00:00\",\"dateModified\":\"2023-10-16T13:20:59+00:00\",\"breadcrumb\":{\"@id\":\"http:\/\/www.axilesycortantes.es\/en\/politica-privacidad\/#breadcrumb\"},\"inLanguage\":\"en-GB\",\"potentialAction\":[{\"@type\":\"ReadAction\",\"target\":[\"http:\/\/www.axilesycortantes.es\/en\/politica-privacidad\/\"]}]},{\"@type\":\"BreadcrumbList\",\"@id\":\"http:\/\/www.axilesycortantes.es\/en\/politica-privacidad\/#breadcrumb\",\"itemListElement\":[{\"@type\":\"ListItem\",\"position\":1,\"name\":\"Portada\",\"item\":\"http:\/\/www.axilesycortantes.es\/\"},{\"@type\":\"ListItem\",\"position\":2,\"name\":\"Pol\u00edtica de privacidad\"}]},{\"@type\":\"WebSite\",\"@id\":\"http:\/\/www.axilesycortantes.es\/#website\",\"url\":\"http:\/\/www.axilesycortantes.es\/\",\"name\":\"Axiles y Cortantes\",\"description\":\"\",\"potentialAction\":[{\"@type\":\"SearchAction\",\"target\":{\"@type\":\"EntryPoint\",\"urlTemplate\":\"http:\/\/www.axilesycortantes.es\/?s={search_term_string}\"},\"query-input\":\"required name=search_term_string\"}],\"inLanguage\":\"en-GB\"}]}<\/script>\n<!-- \/ Yoast SEO plugin. -->","yoast_head_json":{"title":"Pol\u00edtica de privacidad - Axiles y Cortantes","robots":{"index":"index","follow":"follow","max-snippet":"max-snippet:-1","max-image-preview":"max-image-preview:large","max-video-preview":"max-video-preview:-1"},"canonical":"http:\/\/www.axilesycortantes.es\/en\/politica-privacidad\/","og_locale":"en_GB","og_type":"article","og_title":"Pol\u00edtica de privacidad - Axiles y Cortantes","og_description":"pol\u00edtica de privacidad 1. Introducci\u00f3n Gracias por visitar nuestro sitio web. En Axiles y cortantes, nos tomamos en serio la protecci\u00f3n y privacidad de tus datos personales. Esta Pol\u00edtica de Privacidad explica c\u00f3mo recopilamos, utilizamos, compartimos y protegemos tus datos cuando utilizas nuestro sitio web....","og_url":"http:\/\/www.axilesycortantes.es\/en\/politica-privacidad\/","og_site_name":"Axiles y Cortantes","article_modified_time":"2023-10-16T13:20:59+00:00","twitter_card":"summary_large_image","twitter_misc":{"Estimated reading time":"3 minutes"},"schema":{"@context":"https:\/\/schema.org","@graph":[{"@type":"WebPage","@id":"http:\/\/www.axilesycortantes.es\/en\/politica-privacidad\/","url":"http:\/\/www.axilesycortantes.es\/en\/politica-privacidad\/","name":"Pol\u00edtica de privacidad - Axiles y Cortantes","isPartOf":{"@id":"http:\/\/www.axilesycortantes.es\/#website"},"datePublished":"2023-10-16T13:17:43+00:00","dateModified":"2023-10-16T13:20:59+00:00","breadcrumb":{"@id":"http:\/\/www.axilesycortantes.es\/en\/politica-privacidad\/#breadcrumb"},"inLanguage":"en-GB","potentialAction":[{"@type":"ReadAction","target":["http:\/\/www.axilesycortantes.es\/en\/politica-privacidad\/"]}]},{"@type":"BreadcrumbList","@id":"http:\/\/www.axilesycortantes.es\/en\/politica-privacidad\/#breadcrumb","itemListElement":[{"@type":"ListItem","position":1,"name":"Portada","item":"http:\/\/www.axilesycortantes.es\/"},{"@type":"ListItem","position":2,"name":"Pol\u00edtica de privacidad"}]},{"@type":"WebSite","@id":"http:\/\/www.axilesycortantes.es\/#website","url":"http:\/\/www.axilesycortantes.es\/","name":"Axiles y Cortantes","description":"","potentialAction":[{"@type":"SearchAction","target":{"@type":"EntryPoint","urlTemplate":"http:\/\/www.axilesycortantes.es\/?s={search_term_string}"},"query-input":"required name=search_term_string"}],"inLanguage":"en-GB"}]}},"_links":{"self":[{"href":"http:\/\/www.axilesycortantes.es\/en\/wp-json\/wp\/v2\/pages\/1572","targetHints":{"allow":["GET"]}}],"collection":[{"href":"http:\/\/www.axilesycortantes.es\/en\/wp-json\/wp\/v2\/pages"}],"about":[{"href":"http:\/\/www.axilesycortantes.es\/en\/wp-json\/wp\/v2\/types\/page"}],"author":[{"embeddable":true,"href":"http:\/\/www.axilesycortantes.es\/en\/wp-json\/wp\/v2\/users\/1"}],"replies":[{"embeddable":true,"href":"http:\/\/www.axilesycortantes.es\/en\/wp-json\/wp\/v2\/comments?post=1572"}],"version-history":[{"count":4,"href":"http:\/\/www.axilesycortantes.es\/en\/wp-json\/wp\/v2\/pages\/1572\/revisions"}],"predecessor-version":[{"id":1576,"href":"http:\/\/www.axilesycortantes.es\/en\/wp-json\/wp\/v2\/pages\/1572\/revisions\/1576"}],"wp:attachment":[{"href":"http:\/\/www.axilesycortantes.es\/en\/wp-json\/wp\/v2\/media?parent=1572"}],"curies":[{"name":"wp","href":"https:\/\/api.w.org\/{rel}","templated":true}]}}