{"id":1583,"date":"2023-10-17T10:58:50","date_gmt":"2023-10-17T10:58:50","guid":{"rendered":"https:\/\/www.axilesycortantes.es\/?page_id=1583"},"modified":"2023-10-17T10:59:20","modified_gmt":"2023-10-17T10:59:20","slug":"declaracion-accesibilidad","status":"publish","type":"page","link":"http:\/\/www.axilesycortantes.es\/en\/declaracion-accesibilidad\/","title":{"rendered":"Accessibility declaration"},"content":{"rendered":"<div data-elementor-type=\"wp-page\" data-elementor-id=\"1583\" class=\"elementor elementor-1583\">\n\t\t\t\t\t\t\t<div class=\"elementor-element elementor-element-f968a96 e-flex e-con-boxed e-con e-parent\" data-id=\"f968a96\" data-element_type=\"container\" data-settings=\"{&quot;content_width&quot;:&quot;boxed&quot;}\" data-core-v316-plus=\"true\">\n\t\t\t\t\t<div class=\"e-con-inner\">\n\t\t\t\t<div class=\"elementor-element elementor-element-3c44c75 elementor-widget elementor-widget-heading\" data-id=\"3c44c75\" data-element_type=\"widget\" data-widget_type=\"heading.default\">\n\t\t\t\t<div class=\"elementor-widget-container\">\n\t\t\t<style>\/*! elementor - v3.16.0 - 09-10-2023 *\/\n.elementor-heading-title{padding:0;margin:0;line-height:1}.elementor-widget-heading .elementor-heading-title[class*=elementor-size-]>a{color:inherit;font-size:inherit;line-height:inherit}.elementor-widget-heading .elementor-heading-title.elementor-size-small{font-size:15px}.elementor-widget-heading .elementor-heading-title.elementor-size-medium{font-size:19px}.elementor-widget-heading .elementor-heading-title.elementor-size-large{font-size:29px}.elementor-widget-heading .elementor-heading-title.elementor-size-xl{font-size:39px}.elementor-widget-heading .elementor-heading-title.elementor-size-xxl{font-size:59px}<\/style><h1 class=\"elementor-heading-title elementor-size-default\">Declaraci\u00f3n<br>Accesibilidad<\/h1>\t\t<\/div>\n\t\t\t\t<\/div>\n\t\t\t\t\t<\/div>\n\t\t\t\t<\/div>\n\t\t<div class=\"elementor-element elementor-element-f79655a e-flex e-con-boxed e-con e-parent\" data-id=\"f79655a\" data-element_type=\"container\" data-settings=\"{&quot;content_width&quot;:&quot;boxed&quot;}\" data-core-v316-plus=\"true\">\n\t\t\t\t\t<div class=\"e-con-inner\">\n\t\t\t\t<div class=\"elementor-element elementor-element-33365b2 elementor-widget elementor-widget-text-editor\" data-id=\"33365b2\" data-element_type=\"widget\" data-widget_type=\"text-editor.default\">\n\t\t\t\t<div class=\"elementor-widget-container\">\n\t\t\t<style>\/*! elementor - v3.16.0 - 09-10-2023 *\/\n.elementor-widget-text-editor.elementor-drop-cap-view-stacked .elementor-drop-cap{background-color:#69727d;color:#fff}.elementor-widget-text-editor.elementor-drop-cap-view-framed .elementor-drop-cap{color:#69727d;border:3px solid;background-color:transparent}.elementor-widget-text-editor:not(.elementor-drop-cap-view-default) .elementor-drop-cap{margin-top:8px}.elementor-widget-text-editor:not(.elementor-drop-cap-view-default) .elementor-drop-cap-letter{width:1em;height:1em}.elementor-widget-text-editor .elementor-drop-cap{float:left;text-align:center;line-height:1;font-size:50px}.elementor-widget-text-editor .elementor-drop-cap-letter{display:inline-block}<\/style>\t\t\t\t<div class=\"elementor-element elementor-element-62e39aeb elementor-widget elementor-widget-text-editor\" data-id=\"62e39aeb\" data-element_type=\"widget\" data-widget_type=\"text-editor.default\"><div class=\"elementor-widget-container\"><div class=\"elementor-text-editor elementor-clearfix\"><div id=\"block-redipd-page-title\" class=\"block block-core block-page-title-block\"><h2><span class=\"field field--name-title field--type-string field--label-hidden\">Accessibility statement<\/span><\/h2><div>La Agencia Espa\u00f1ola de Protecci\u00f3n de Datos se ha comprometido a hacer accesibles sus sitios web\u00a0de conformidad con el\u00a0<a title=\"RD 1112\/2018\" href=\"https:\/\/www.boe.es\/buscar\/act.php?id=BOE-A-2018-12699\" target=\"_blank\" rel=\"noopener\">Real Decreto 1112\/2018, de 7 de septiembre, sobre accesibilidad de los sitios web y aplicaciones para dispositivos m\u00f3viles del sector p\u00fablico<\/a>.<\/div><\/div><div id=\"block-redipd-content\" class=\"block block-system block-system-main-block\"><article class=\"node node--type-panopoly-content-page node--view-mode-full\" data-history-node-id=\"46635\"><div class=\"node__content\"><div class=\"clearfix text-formatted field field--name-body field--type-text-with-summary field--label-hidden field__item\"><p>\u00a0<\/p><\/div><\/div><\/article><\/div><\/div><\/div><\/div><div class=\"elementor-element elementor-element-e0fb93c elementor-widget elementor-widget-text-editor\" data-id=\"e0fb93c\" data-element_type=\"widget\" data-widget_type=\"text-editor.default\"><div class=\"elementor-widget-container\"><div class=\"elementor-text-editor elementor-clearfix\"><div id=\"block-redipd-page-title\" class=\"block block-core block-page-title-block\"><h3>SITUACI\u00d3N DE CUMPLIMIENTO<\/h3><p>Este sitio web es\u00a0<strong>parcialmente conforme<\/strong>\u00a0con el\u00a0<a title=\"RD 1112\/2018\" href=\"https:\/\/www.boe.es\/diario_boe\/txt.php?id=BOE-A-2018-12699\" target=\"_blank\" rel=\"noopener\">RD 1112\/2018<\/a>\u00a0debido a las excepciones y a la falta de conformidad de los aspectos que se indican a continuaci\u00f3n.<\/p><p>\u00a0<\/p><\/div><\/div><\/div><\/div><div class=\"elementor-element elementor-element-baa2497 elementor-widget elementor-widget-text-editor\" data-id=\"baa2497\" data-element_type=\"widget\" data-widget_type=\"text-editor.default\"><div class=\"elementor-widget-container\"><div class=\"elementor-text-editor elementor-clearfix\"><h3>CONTENIDO NO ACCESIBLE<\/h3><p>El contenido que se recoge a continuaci\u00f3n no es accesible por lo siguiente:<\/p><ul><li>FALTA DE CONFORMIDAD CON EL RD 1112\/2018:<\/li><\/ul><ul><li>NO HAY UN ETIQUETADO DE LA ESTRUCTURA HTML MEDIANTE ETIQUETAS ARIA<\/li><\/ul><ul><li>EN ALGUNAS P\u00c1GINAS EL CONTRASTE PUEDE NO SER \u00d3PTIMO<\/li><\/ul><ul><li>EL FOCO DEL TECLADO NO SE PERCIBE DEBIDO A ESTILOS CSS<\/li><\/ul><ul><li>NO INCLUYE MAPA DE SITIO<\/li><\/ul><ul><li>LAS ETIQUETAS HTML NO INCLUYEN EL NOMBRE DE LO QUE PRESENTAN VISUALMENTE<\/li><\/ul><ul><li>PODR\u00cdAN EXISTIR ERRORES EN ETIQUETADO HTML Y ETIQUETA DE \u00abID\u00bb PROPIOS DE LA GENERACI\u00d3N DEL CMS<\/li><\/ul><ul><li>CARGA DESPROPORCIONADA:<\/li><\/ul><ul><li>NO APLICA.<\/li><\/ul><ul><li>CONTENIDO NO ENTRA DENTRO DEL \u00c1MBITO DE LA LEGISLACI\u00d3N APLICABLE:<\/li><li>PUEDEN EXISTIR DOCUMENTOS EN FORMATO PDF PUBLICADOS ANTES DEL 20 DE SEPTIEMBRE DE 2018 QUE NO CUMPLAN EN SU TOTALIDAD TODOS LOS REQUISITOS DE ACCESIBILIDAD.<\/li><\/ul><p>\u00a0<\/p><\/div><\/div><\/div><div class=\"elementor-element elementor-element-59bdc69 elementor-widget elementor-widget-text-editor\" data-id=\"59bdc69\" data-element_type=\"widget\" data-widget_type=\"text-editor.default\"><div class=\"elementor-widget-container\"><div class=\"elementor-text-editor elementor-clearfix\"><div id=\"block-redipd-page-title\" class=\"block block-core block-page-title-block\"><h3>PREPARACI\u00d3N DE LA PRESENTE DECLARACI\u00d3N DE ACCESIBILIDAD<\/h3><p>La presente declaraci\u00f3n fue preparada el 17 de Octubre de 2023.<br \/>El m\u00e9todo empleado para la presente declaraci\u00f3n ha sido una autoevaluaci\u00f3n realizada por la propia Empresa siguiendo las pautas del documento oficial de justificaci\u00f3n de la accesibilidad facilitada por www.red.es<br \/>\u00daltima revisi\u00f3n de la declaraci\u00f3n: 7 de marzo de 2023.<\/p><p>\u00a0<\/p><\/div><\/div><\/div><\/div><div class=\"elementor-element elementor-element-5992878 elementor-widget elementor-widget-text-editor\" data-id=\"5992878\" data-element_type=\"widget\" data-widget_type=\"text-editor.default\"><div class=\"elementor-widget-container\"><div class=\"elementor-text-editor elementor-clearfix\"><h3>OBSERVACIONES Y DATOS DE CONTACTO<\/h3><p><strong>Comunicaciones sobre requisitos de accesibilidad<br \/><\/strong>Puede realizar comunicaciones sobre requisitos de accesibilidad (art\u00edculo 10.2.a del RD 1112\/2018) como, por ejemplo:<\/p><ul><li>informar sobre cualquier posible incumplimiento por parte de este sitio web<\/li><\/ul><ul><li>transmitir otras\u00a0dificultades de acceso\u00a0al contenido<\/li><\/ul><ul><li>formular cualquier otra\u00a0consulta o sugerencia de mejora\u00a0relativa a la accesibilidad del sitio web<\/li><\/ul><p>a trav\u00e9s del correo electr\u00f3nico\u00a0<a href=\"mailto:desarrollo@mique.es?Subject=Accesiblidad Inox Miral\" target=\"_blank\" rel=\"noopener\">desarrollo@mique.es<br \/><\/a><\/p><p><a href=\"mailto:desarrollo@mique.es?Subject=Accesiblidad Inox Miral\" target=\"_blank\" rel=\"noopener\">\u00a0<\/a><\/p><p><strong>SOLICITUDES DE INFORMACI\u00d3N ACCESIBLE Y QUEJAS<\/strong><\/p><p>A TRAV\u00c9S DEL MAIL PUEDE PRESENTAR:<\/p><ul><li>UNA QUEJA RELATIVA AL CUMPLIMIENTO DE LOS REQUISITOS DEL RD 1112\/2018 O<\/li><\/ul><ul><li>UNA SOLICITUD DE INFORMACI\u00d3N ACCESIBLE RELATIVA A:<\/li><\/ul><ul><li>CONTENIDOS QUE EST\u00c1N EXCLUIDOS DEL \u00c1MBITO DE APLICACI\u00d3N DEL RD 1112\/2018 SEG\u00daN LO ESTABLECIDO POR EL ART\u00cdCULO 3, APARTADO 4<\/li><\/ul><ul><li>CONTENIDOS QUE EST\u00c1N EXENTOS DEL CUMPLIMIENTO DE LOS REQUISITOS DE ACCESIBILIDAD POR IMPONER UNA CARGA DESPROPORCIONADA.<\/li><\/ul><p>EN LA SOLICITUD DE INFORMACI\u00d3N ACCESIBLE, SE DEBE CONCRETAR, CON TODA CLARIDAD, LOS HECHOS, RAZONES Y PETICI\u00d3N QUE PERMITAN CONSTATAR QUE SE TRATA DE UNA SOLICITUD RAZONABLE Y LEG\u00cdTIMA.<\/p><p>\u00a0<\/p><\/div><\/div><\/div><div class=\"elementor-element elementor-element-6f562fa elementor-widget elementor-widget-text-editor\" data-id=\"6f562fa\" data-element_type=\"widget\" data-widget_type=\"text-editor.default\"><div class=\"elementor-widget-container\"><div class=\"elementor-text-editor elementor-clearfix\"><h3>PROCEDIMIENTO DE APLICACI\u00d3N<\/h3><p>Si una vez realizada una solicitud de informaci\u00f3n accesible o queja, \u00e9sta hubiera sido desestimada, no se estuviera de acuerdo con la decisi\u00f3n adoptada, o la respuesta no cumpliera los requisitos contemplados en el art\u00edculo 12.5 del RD 1112\/2018, la persona interesada podr\u00e1 iniciar una reclamaci\u00f3n. Igualmente se podr\u00e1 iniciar una reclamaci\u00f3n en el caso de no haber obtenido respuesta.<br \/>El procedimiento reclamaci\u00f3n recogido en el art\u00edculo 13 del RD 1112\/2018, puede iniciarse a trav\u00e9s de\u00a0este enlace.<\/p><p>\u00a0<\/p><\/div><\/div><\/div><div class=\"elementor-element elementor-element-f04ad78 elementor-widget elementor-widget-text-editor\" data-id=\"f04ad78\" data-element_type=\"widget\" data-widget_type=\"text-editor.default\"><div class=\"elementor-widget-container\"><div class=\"elementor-text-editor elementor-clearfix\"><h3>CONTENIDO OPCIONAL<\/h3><p>El sitio web:<\/p><ul><li>se ha dise\u00f1ado adapt\u00e1ndose a los est\u00e1ndares y normativas vigentes en relaci\u00f3n a la accesibilidad, cumpliendo con los puntos de verificaci\u00f3n de prioridad 2 (AA) definidos en la especificaci\u00f3n de Pautas de Accesibilidad al Contenido en la Web (WCAG 2.1)<\/li><\/ul><ul><li>est\u00e1 optimizado para las \u00faltimas versiones vigentes de Chrome, Edge, Firefox, Safari y Opera<\/li><\/ul><ul><li>est\u00e1 dise\u00f1ado para su correcta visualizaci\u00f3n en cualquier resoluci\u00f3n y dispositivo de escritorio, tabletas o m\u00f3viles\u00a0(dise\u00f1o\u00a0<em>responsive<\/em>)<\/li><\/ul><ul><li>se ha realizado utilizando HTML5 como lenguaje de marcado y hojas de estilo CSS 3 para su dise\u00f1o<\/li><\/ul><\/div><\/div><\/div>\t\t\t\t\t\t<\/div>\n\t\t\t\t<\/div>\n\t\t\t\t\t<\/div>\n\t\t\t\t<\/div>\n\t\t\t\t\t\t\t<\/div>","protected":false},"excerpt":{"rendered":"<p>Declaraci\u00f3nAccesibilidad Declaraci\u00f3n de accesibilidad La Agencia Espa\u00f1ola de Protecci\u00f3n de Datos se ha comprometido a hacer accesibles sus sitios web\u00a0de conformidad con el\u00a0Real Decreto 1112\/2018, de 7 de septiembre, sobre accesibilidad de los sitios web y aplicaciones para dispositivos m\u00f3viles del sector p\u00fablico. \u00a0 SITUACI\u00d3N&#8230;<\/p>","protected":false},"author":1,"featured_media":0,"parent":0,"menu_order":0,"comment_status":"closed","ping_status":"closed","template":"","meta":{"footnotes":""},"class_list":["post-1583","page","type-page","status-publish","hentry"],"yoast_head":"<!-- This site is optimized with the Yoast SEO plugin v21.3 - https:\/\/yoast.com\/wordpress\/plugins\/seo\/ -->\n<title>Declaraci\u00f3n accesibilidad - Axiles y Cortantes<\/title>\n<meta name=\"robots\" content=\"index, follow, max-snippet:-1, max-image-preview:large, max-video-preview:-1\" \/>\n<link rel=\"canonical\" href=\"http:\/\/www.axilesycortantes.es\/en\/declaracion-accesibilidad\/\" \/>\n<meta property=\"og:locale\" content=\"en_GB\" \/>\n<meta property=\"og:type\" content=\"article\" \/>\n<meta property=\"og:title\" content=\"Declaraci\u00f3n accesibilidad - Axiles y Cortantes\" \/>\n<meta property=\"og:description\" content=\"Declaraci\u00f3nAccesibilidad Declaraci\u00f3n de accesibilidad La Agencia Espa\u00f1ola de Protecci\u00f3n de Datos se ha comprometido a hacer accesibles sus sitios web\u00a0de conformidad con el\u00a0Real Decreto 1112\/2018, de 7 de septiembre, sobre accesibilidad de los sitios web y aplicaciones para dispositivos m\u00f3viles del sector p\u00fablico. \u00a0 SITUACI\u00d3N...\" \/>\n<meta property=\"og:url\" content=\"http:\/\/www.axilesycortantes.es\/en\/declaracion-accesibilidad\/\" \/>\n<meta property=\"og:site_name\" content=\"Axiles y Cortantes\" \/>\n<meta property=\"article:modified_time\" content=\"2023-10-17T10:59:20+00:00\" \/>\n<meta name=\"twitter:card\" content=\"summary_large_image\" \/>\n<meta name=\"twitter:label1\" content=\"Estimated reading time\" \/>\n\t<meta name=\"twitter:data1\" content=\"6 minutes\" \/>\n<script type=\"application\/ld+json\" class=\"yoast-schema-graph\">{\"@context\":\"https:\/\/schema.org\",\"@graph\":[{\"@type\":\"WebPage\",\"@id\":\"http:\/\/www.axilesycortantes.es\/en\/declaracion-accesibilidad\/\",\"url\":\"http:\/\/www.axilesycortantes.es\/en\/declaracion-accesibilidad\/\",\"name\":\"Declaraci\u00f3n accesibilidad - Axiles y Cortantes\",\"isPartOf\":{\"@id\":\"http:\/\/www.axilesycortantes.es\/#website\"},\"datePublished\":\"2023-10-17T10:58:50+00:00\",\"dateModified\":\"2023-10-17T10:59:20+00:00\",\"breadcrumb\":{\"@id\":\"http:\/\/www.axilesycortantes.es\/en\/declaracion-accesibilidad\/#breadcrumb\"},\"inLanguage\":\"en-GB\",\"potentialAction\":[{\"@type\":\"ReadAction\",\"target\":[\"http:\/\/www.axilesycortantes.es\/en\/declaracion-accesibilidad\/\"]}]},{\"@type\":\"BreadcrumbList\",\"@id\":\"http:\/\/www.axilesycortantes.es\/en\/declaracion-accesibilidad\/#breadcrumb\",\"itemListElement\":[{\"@type\":\"ListItem\",\"position\":1,\"name\":\"Portada\",\"item\":\"http:\/\/www.axilesycortantes.es\/\"},{\"@type\":\"ListItem\",\"position\":2,\"name\":\"Declaraci\u00f3n accesibilidad\"}]},{\"@type\":\"WebSite\",\"@id\":\"http:\/\/www.axilesycortantes.es\/#website\",\"url\":\"http:\/\/www.axilesycortantes.es\/\",\"name\":\"Axiles y Cortantes\",\"description\":\"\",\"potentialAction\":[{\"@type\":\"SearchAction\",\"target\":{\"@type\":\"EntryPoint\",\"urlTemplate\":\"http:\/\/www.axilesycortantes.es\/?s={search_term_string}\"},\"query-input\":\"required name=search_term_string\"}],\"inLanguage\":\"en-GB\"}]}<\/script>\n<!-- \/ Yoast SEO plugin. -->","yoast_head_json":{"title":"Declaraci\u00f3n accesibilidad - Axiles y Cortantes","robots":{"index":"index","follow":"follow","max-snippet":"max-snippet:-1","max-image-preview":"max-image-preview:large","max-video-preview":"max-video-preview:-1"},"canonical":"http:\/\/www.axilesycortantes.es\/en\/declaracion-accesibilidad\/","og_locale":"en_GB","og_type":"article","og_title":"Declaraci\u00f3n accesibilidad - Axiles y Cortantes","og_description":"Declaraci\u00f3nAccesibilidad Declaraci\u00f3n de accesibilidad La Agencia Espa\u00f1ola de Protecci\u00f3n de Datos se ha comprometido a hacer accesibles sus sitios web\u00a0de conformidad con el\u00a0Real Decreto 1112\/2018, de 7 de septiembre, sobre accesibilidad de los sitios web y aplicaciones para dispositivos m\u00f3viles del sector p\u00fablico. \u00a0 SITUACI\u00d3N...","og_url":"http:\/\/www.axilesycortantes.es\/en\/declaracion-accesibilidad\/","og_site_name":"Axiles y Cortantes","article_modified_time":"2023-10-17T10:59:20+00:00","twitter_card":"summary_large_image","twitter_misc":{"Estimated reading time":"6 minutes"},"schema":{"@context":"https:\/\/schema.org","@graph":[{"@type":"WebPage","@id":"http:\/\/www.axilesycortantes.es\/en\/declaracion-accesibilidad\/","url":"http:\/\/www.axilesycortantes.es\/en\/declaracion-accesibilidad\/","name":"Declaraci\u00f3n accesibilidad - Axiles y Cortantes","isPartOf":{"@id":"http:\/\/www.axilesycortantes.es\/#website"},"datePublished":"2023-10-17T10:58:50+00:00","dateModified":"2023-10-17T10:59:20+00:00","breadcrumb":{"@id":"http:\/\/www.axilesycortantes.es\/en\/declaracion-accesibilidad\/#breadcrumb"},"inLanguage":"en-GB","potentialAction":[{"@type":"ReadAction","target":["http:\/\/www.axilesycortantes.es\/en\/declaracion-accesibilidad\/"]}]},{"@type":"BreadcrumbList","@id":"http:\/\/www.axilesycortantes.es\/en\/declaracion-accesibilidad\/#breadcrumb","itemListElement":[{"@type":"ListItem","position":1,"name":"Portada","item":"http:\/\/www.axilesycortantes.es\/"},{"@type":"ListItem","position":2,"name":"Declaraci\u00f3n accesibilidad"}]},{"@type":"WebSite","@id":"http:\/\/www.axilesycortantes.es\/#website","url":"http:\/\/www.axilesycortantes.es\/","name":"Axiles y Cortantes","description":"","potentialAction":[{"@type":"SearchAction","target":{"@type":"EntryPoint","urlTemplate":"http:\/\/www.axilesycortantes.es\/?s={search_term_string}"},"query-input":"required name=search_term_string"}],"inLanguage":"en-GB"}]}},"_links":{"self":[{"href":"http:\/\/www.axilesycortantes.es\/en\/wp-json\/wp\/v2\/pages\/1583","targetHints":{"allow":["GET"]}}],"collection":[{"href":"http:\/\/www.axilesycortantes.es\/en\/wp-json\/wp\/v2\/pages"}],"about":[{"href":"http:\/\/www.axilesycortantes.es\/en\/wp-json\/wp\/v2\/types\/page"}],"author":[{"embeddable":true,"href":"http:\/\/www.axilesycortantes.es\/en\/wp-json\/wp\/v2\/users\/1"}],"replies":[{"embeddable":true,"href":"http:\/\/www.axilesycortantes.es\/en\/wp-json\/wp\/v2\/comments?post=1583"}],"version-history":[{"count":4,"href":"http:\/\/www.axilesycortantes.es\/en\/wp-json\/wp\/v2\/pages\/1583\/revisions"}],"predecessor-version":[{"id":1587,"href":"http:\/\/www.axilesycortantes.es\/en\/wp-json\/wp\/v2\/pages\/1583\/revisions\/1587"}],"wp:attachment":[{"href":"http:\/\/www.axilesycortantes.es\/en\/wp-json\/wp\/v2\/media?parent=1583"}],"curies":[{"name":"wp","href":"https:\/\/api.w.org\/{rel}","templated":true}]}}